{"id":1005,"date":"2020-09-08T22:36:41","date_gmt":"2020-09-08T20:36:41","guid":{"rendered":"http:\/\/www.asv-oppenheim.de\/?page_id=1005"},"modified":"2020-09-08T22:36:41","modified_gmt":"2020-09-08T20:36:41","slug":"angelschein","status":"publish","type":"page","link":"https:\/\/www.asv-oppenheim.de\/index.php\/verein\/angelschein\/","title":{"rendered":"Angelschein"},"content":{"rendered":"<p>Um im Verein oder am Rhein zu angeln, ben\u00f6tigen Sie einen Fischerreischein und die entsprechende Angellizenz f\u00fcr das jeweilige Gew\u00e4sser.<\/p>\n<p>F\u00fcr den Erwerb dieser Lizenz oder einer aktiven &#8222;Angler&#8220; Mitgliedschaft im Verein m\u00fcssen Sie einen Fischereischein besitzen. F\u00fcr den Fischereischein muss eine Pr\u00fcfung abgelegt werden.<\/p>\n<p>Informationen zur Vorbereitung, Pr\u00fcfung, Kosten zur Pr\u00fcfung und Ansprechpartnern in der Region, finden Sie auf den Seiten des Landesfischereiverbandes. Diese k\u00f6nnen Ihnen auch die n\u00e4chsten Termine und Orte mitteilen, wo Vorbereitungskurse\/ Pr\u00fcfungen stattfinden.<\/p>\n<p>Allgemeine Informationen zur Pr\u00fcfung:<br \/>\n<a href=\"http:\/\/www.lfvrlp.de\/index.php\/fischerpruefung\" target=\"_blank\" rel=\"noopener noreferrer\" data-saferedirecturl=\"https:\/\/www.google.com\/url?q=http:\/\/www.lfvrlp.de\/index.php\/fischerpruefung&amp;source=gmail&amp;ust=1599683530169000&amp;usg=AFQjCNE6zs3BCHYaYFPckfYWmipJuY0IeA\">http:\/\/www.lfvrlp.de\/index.php<wbr \/>\/fischerpruefung<\/a><\/p>\n<p>Die Kosten f\u00fcr eine Mitgliedschaft im Verein haben wir auf unserer<br \/>\nWebseite und &#8222;Mitglied werden&#8220; dargestellt.<\/p>\n","protected":false},"excerpt":{"rendered":"<p>Um im Verein oder am Rhein zu angeln, ben\u00f6tigen Sie einen Fischerreischein und die entsprechende Angellizenz f\u00fcr das jeweilige Gew\u00e4sser. F\u00fcr den Erwerb dieser Lizenz oder einer aktiven &#8222;Angler&#8220; Mitgliedschaft im Verein m\u00fcssen Sie einen Fischereischein besitzen. F\u00fcr den Fischereischein muss eine Pr\u00fcfung abgelegt werden. Informationen zur Vorbereitung, Pr\u00fcfung, Kosten zur Pr\u00fcfung und Ansprechpartnern in [&hellip;]<\/p>\n","protected":false},"author":3,"featured_media":0,"parent":15,"menu_order":0,"comment_status":"closed","ping_status":"closed","template":"","meta":{"footnotes":""},"class_list":["post-1005","page","type-page","status-publish","hentry"],"_links":{"self":[{"href":"https:\/\/www.asv-oppenheim.de\/index.php\/wp-json\/wp\/v2\/pages\/1005","targetHints":{"allow":["GET"]}}],"collection":[{"href":"https:\/\/www.asv-oppenheim.de\/index.php\/wp-json\/wp\/v2\/pages"}],"about":[{"href":"https:\/\/www.asv-oppenheim.de\/index.php\/wp-json\/wp\/v2\/types\/page"}],"author":[{"embeddable":true,"href":"https:\/\/www.asv-oppenheim.de\/index.php\/wp-json\/wp\/v2\/users\/3"}],"replies":[{"embeddable":true,"href":"https:\/\/www.asv-oppenheim.de\/index.php\/wp-json\/wp\/v2\/comments?post=1005"}],"version-history":[{"count":1,"href":"https:\/\/www.asv-oppenheim.de\/index.php\/wp-json\/wp\/v2\/pages\/1005\/revisions"}],"predecessor-version":[{"id":1006,"href":"https:\/\/www.asv-oppenheim.de\/index.php\/wp-json\/wp\/v2\/pages\/1005\/revisions\/1006"}],"up":[{"embeddable":true,"href":"https:\/\/www.asv-oppenheim.de\/index.php\/wp-json\/wp\/v2\/pages\/15"}],"wp:attachment":[{"href":"https:\/\/www.asv-oppenheim.de\/index.php\/wp-json\/wp\/v2\/media?parent=1005"}],"curies":[{"name":"wp","href":"https:\/\/api.w.org\/{rel}","templated":true}]}}