{"id":27,"date":"2017-08-12T22:02:55","date_gmt":"2017-08-12T20:02:55","guid":{"rendered":"http:\/\/www.asv-oppenheim.de\/?page_id=27"},"modified":"2025-07-24T17:18:57","modified_gmt":"2025-07-24T15:18:57","slug":"vorstand","status":"publish","type":"page","link":"https:\/\/www.asv-oppenheim.de\/index.php\/verein\/vorstand\/","title":{"rendered":"Vorstand"},"content":{"rendered":"<p>\u00dcbersicht des Vorstandes und der Funktionen<\/p>\r\n<table  class=\" table table-hover\" style=\"height: 468px;\" border=\"0\" width=\"393\">\r\n<tbody>\r\n<tr>\r\n<td>1. Vorsitzender<\/td>\r\n<td>Thomas Herzog<\/td>\r\n<\/tr>\r\n<tr>\r\n<td>2. Vorsitzender<\/td>\r\n<td>Dieter R\u00fcdiger<\/td>\r\n<\/tr>\r\n<tr>\r\n<td>1. Kassierer<br \/>2. Kassierer<\/td>\r\n<td>Heinz Hamm<br \/>Andreas Boll<\/td>\r\n<\/tr>\r\n<tr>\r\n<td>1. Schriftf\u00fchrer<br \/>2. Schriftf\u00fchrer<\/td>\r\n<td>Ilse R\u00fcdiger<br \/>Angelika Hamm<\/td>\r\n<\/tr>\r\n<tr>\r\n<td>Gew\u00e4sser- &amp; Ger\u00e4tewarte<\/td>\r\n<td>Franz Bingenheimer<br \/>Andreas Trinkl<\/td>\r\n<\/tr>\r\n<tr>\r\n<td>Beisitzer<\/td>\r\n<td>Andreas Sowula<br \/>Nikolaus Strupp<br \/>Markus Orlowsky<\/td>\r\n<\/tr>\r\n<tr>\r\n<td>Pressewart<\/td>\r\n<td>Hans Schmidt<\/td>\r\n<\/tr>\r\n<tr>\r\n<td>Naturschutzbeauftragter<\/td>\r\n<td>Nikolaus Strupp<\/td>\r\n<\/tr>\r\n<tr>\r\n<td>Jugendleiter<\/td>\r\n<td>Bj\u00f6rn Saul Reuter<\/td>\r\n<\/tr>\r\n<\/tbody>\r\n<\/table>\r\n<p><!--more--><\/p>\r\n\r\n<p>&nbsp;<\/p>\r\n","protected":false},"excerpt":{"rendered":"<p>\u00dcbersicht des Vorstandes und der Funktionen 1. Vorsitzender Thomas Herzog 2. Vorsitzender Dieter R\u00fcdiger 1. Kassierer2. Kassierer Heinz HammAndreas Boll 1. Schriftf\u00fchrer2. Schriftf\u00fchrer Ilse R\u00fcdigerAngelika Hamm Gew\u00e4sser- &amp; Ger\u00e4tewarte Franz BingenheimerAndreas Trinkl Beisitzer Andreas SowulaNikolaus StruppMarkus Orlowsky Pressewart Hans Schmidt Naturschutzbeauftragter Nikolaus Strupp Jugendleiter Bj\u00f6rn Saul Reuter<\/p>\n","protected":false},"author":3,"featured_media":0,"parent":15,"menu_order":0,"comment_status":"closed","ping_status":"closed","template":"","meta":{"footnotes":""},"class_list":["post-27","page","type-page","status-publish","hentry"],"_links":{"self":[{"href":"https:\/\/www.asv-oppenheim.de\/index.php\/wp-json\/wp\/v2\/pages\/27","targetHints":{"allow":["GET"]}}],"collection":[{"href":"https:\/\/www.asv-oppenheim.de\/index.php\/wp-json\/wp\/v2\/pages"}],"about":[{"href":"https:\/\/www.asv-oppenheim.de\/index.php\/wp-json\/wp\/v2\/types\/page"}],"author":[{"embeddable":true,"href":"https:\/\/www.asv-oppenheim.de\/index.php\/wp-json\/wp\/v2\/users\/3"}],"replies":[{"embeddable":true,"href":"https:\/\/www.asv-oppenheim.de\/index.php\/wp-json\/wp\/v2\/comments?post=27"}],"version-history":[{"count":28,"href":"https:\/\/www.asv-oppenheim.de\/index.php\/wp-json\/wp\/v2\/pages\/27\/revisions"}],"predecessor-version":[{"id":1410,"href":"https:\/\/www.asv-oppenheim.de\/index.php\/wp-json\/wp\/v2\/pages\/27\/revisions\/1410"}],"up":[{"embeddable":true,"href":"https:\/\/www.asv-oppenheim.de\/index.php\/wp-json\/wp\/v2\/pages\/15"}],"wp:attachment":[{"href":"https:\/\/www.asv-oppenheim.de\/index.php\/wp-json\/wp\/v2\/media?parent=27"}],"curies":[{"name":"wp","href":"https:\/\/api.w.org\/{rel}","templated":true}]}}