{"id":40,"date":"2017-08-12T22:22:01","date_gmt":"2017-08-12T20:22:01","guid":{"rendered":"http:\/\/www.asv-oppenheim.de\/?page_id=40"},"modified":"2023-04-18T08:45:39","modified_gmt":"2023-04-18T06:45:39","slug":"mitglied-werden","status":"publish","type":"page","link":"https:\/\/www.asv-oppenheim.de\/index.php\/verein\/mitglied-werden\/","title":{"rendered":"Mitglied werden"},"content":{"rendered":"<div id=\"Layout\">\n<div class=\"typography\">\n<div>\n<p>Wenn Sie Mitglied im ASV Oppenheim 1925 e.V. werden m\u00f6chten, laden Sie sich den Mitgliederantrag direkt herunter.<\/p>\n<p>Die Vereinsmitgliedschaft geht mit folgenden Geb\u00fchren einher:<\/p>\n<h3>Einmalige Geb\u00fchren:<\/h3>\n<\/div>\n<\/div>\n<\/div>\n<div>\n<ul>\n<li>Aufnahmegeb\u00fchr f\u00fcr aktive Mitglieder: <strong>150 \u20ac<\/strong><\/li>\n<li>Aufnahmegeb\u00fchr f\u00fcr Frauen, Jugendliche und inaktive Mitglieder: <strong>11 \u20ac<\/strong><\/li>\n<li>Geb\u00fchr f\u00fcr Vereinswappen und -abzeichen: <strong>8 \u20ac<\/strong><\/li>\n<li>Geb\u00fchr f\u00fcr Sportfischerpass: <strong>4 \u20ac<\/strong><br \/>\n<span style=\"color: #999999;\">Der Sportfischerpass kann m\u00f6glicherweise die Geb\u00fchren f\u00fcr andere Gew\u00e4sserkarten\u00a0 (bspw. Rheinkarte) senken<\/span><\/li>\n<\/ul>\n<h3>J\u00e4hrliche Beitr\u00e4ge:<\/h3>\n<ul>\n<li>Jahresbeitrag Erwachsene: <strong>25 \u20ac<\/strong><strong><br \/>\n<\/strong><\/li>\n<li>Jahresbeitrag Frauen: <strong>15 \u20ac<\/strong><\/li>\n<li>Jahresbeitrag Jugendliche: <strong>11 \u20ac<\/strong><\/li>\n<li>Fischereischein (Weiherkarte): <strong>15 \u20ac <\/strong><strong><br \/>\n<\/strong><\/li>\n<\/ul>\n<p>Zum Erlangen der Weiherkarte sind von Mitgliedern ab dem 18. Lebensjahr bis 63 Jahre\u00a0j\u00e4hrlich 10 Arbeitsstunden abzuleisten.<\/p>\n<\/div>\n<h3>Beispielbeitrag:<\/h3>\n<ul>\n<li><strong><span style=\"color: #e34848;\">Erwachsen, aktives Mitglied:<\/span><br \/>\n<\/strong><strong>Einmalig &#8211; 162\u00a0\u20ac: <\/strong>150 \u20ac (Aufnahmegeb\u00fchr); 4 \u20ac (Sportfischerpass); 8 \u20ac (Vereinswappen und -abzeichen)<br \/>\n<strong>J\u00e4hrlich &#8211; 40 \u20ac:<\/strong> 25 \u20ac (Jahresbeitrag); 15 \u20ac (Weiherkarte)<\/li>\n<li><strong><span style=\"color: #e34848;\">Jugendlich<\/span><br \/>\n<\/strong><strong>Einmalig &#8211; 23 \u20ac: <\/strong>11 \u20ac (Aufnahmegeb\u00fchr); 4 \u20ac (Sportfischerpass); 8 \u20ac (Vereinswappen und -abzeichen)<br \/>\n<strong>J\u00e4hrlich &#8211; 26 \u20ac<\/strong>: 11 \u20ac (Jahresbeitrag); 15 \u20ac (Weiherkarte)<\/li>\n<\/ul>\n<div id=\"Layout\">\n<div class=\"typography\">\n<div id=\"Content\">\n<h3>Aufnahmeantrag und Sonderbestimmungen<\/h3>\n<p>Dem Antrag beigef\u00fcgt befinden sich die Sonderbestimmungen des ASV Oppenheim.<\/p>\n<p><a href=\"https:\/\/www.asv-oppenheim.de\/wp-content\/uploads\/Dokumente\/Mitgliedsantrag.pdf\" target=\"_blank\" rel=\"noopener noreferrer\">ASV Mitgliedsantrag<\/a><\/p>\n<p><a href=\"https:\/\/www.asv-oppenheim.de\/wp-content\/uploads\/Dokumente\/Sonderbestimmungen\" target=\"_blank\" rel=\"noopener noreferrer\">Aktuelle Sonderbestimmungen<\/a><\/p>\n<p>Der Antrag muss unterschrieben werden, aus diesem Grund kann dieser nicht als E-Mail an den ASV geschickt werden.<\/p>\n<h3><strong>Der Antrag kann abgegeben werden bei:<\/strong><\/h3>\n<p>D. R\u00fcdiger<br \/>\nElisabethenstra\u00dfe 5<br \/>\n55283 Nierstein<\/p>\n<\/div>\n<\/div>\n<\/div>\n","protected":false},"excerpt":{"rendered":"<p>Wenn Sie Mitglied im ASV Oppenheim 1925 e.V. werden m\u00f6chten, laden Sie sich den Mitgliederantrag direkt herunter. Die Vereinsmitgliedschaft geht mit folgenden Geb\u00fchren einher: Einmalige Geb\u00fchren: Aufnahmegeb\u00fchr f\u00fcr aktive Mitglieder: 150 \u20ac Aufnahmegeb\u00fchr f\u00fcr Frauen, Jugendliche und inaktive Mitglieder: 11 \u20ac Geb\u00fchr f\u00fcr Vereinswappen und -abzeichen: 8 \u20ac Geb\u00fchr f\u00fcr Sportfischerpass: 4 \u20ac Der Sportfischerpass [&hellip;]<\/p>\n","protected":false},"author":3,"featured_media":0,"parent":15,"menu_order":0,"comment_status":"closed","ping_status":"closed","template":"","meta":{"footnotes":""},"class_list":["post-40","page","type-page","status-publish","hentry"],"_links":{"self":[{"href":"https:\/\/www.asv-oppenheim.de\/index.php\/wp-json\/wp\/v2\/pages\/40","targetHints":{"allow":["GET"]}}],"collection":[{"href":"https:\/\/www.asv-oppenheim.de\/index.php\/wp-json\/wp\/v2\/pages"}],"about":[{"href":"https:\/\/www.asv-oppenheim.de\/index.php\/wp-json\/wp\/v2\/types\/page"}],"author":[{"embeddable":true,"href":"https:\/\/www.asv-oppenheim.de\/index.php\/wp-json\/wp\/v2\/users\/3"}],"replies":[{"embeddable":true,"href":"https:\/\/www.asv-oppenheim.de\/index.php\/wp-json\/wp\/v2\/comments?post=40"}],"version-history":[{"count":31,"href":"https:\/\/www.asv-oppenheim.de\/index.php\/wp-json\/wp\/v2\/pages\/40\/revisions"}],"predecessor-version":[{"id":1226,"href":"https:\/\/www.asv-oppenheim.de\/index.php\/wp-json\/wp\/v2\/pages\/40\/revisions\/1226"}],"up":[{"embeddable":true,"href":"https:\/\/www.asv-oppenheim.de\/index.php\/wp-json\/wp\/v2\/pages\/15"}],"wp:attachment":[{"href":"https:\/\/www.asv-oppenheim.de\/index.php\/wp-json\/wp\/v2\/media?parent=40"}],"curies":[{"name":"wp","href":"https:\/\/api.w.org\/{rel}","templated":true}]}}