{"id":44,"date":"2017-08-12T22:25:44","date_gmt":"2017-08-12T20:25:44","guid":{"rendered":"http:\/\/www.asv-oppenheim.de\/?page_id=44"},"modified":"2025-02-11T21:27:09","modified_gmt":"2025-02-11T20:27:09","slug":"aktuelles","status":"publish","type":"page","link":"https:\/\/www.asv-oppenheim.de\/index.php\/aktuelles\/","title":{"rendered":"Aktuelles"},"content":{"rendered":"<p>&nbsp;<\/p>\n<hr \/>\n<p>20.12.2024: <a href=\"https:\/\/www.asv-oppenheim.de\/index.php\/2024\/12\/20\/jahresabschlussfeier-2024\/\" aria-current=\"page\">Jahresabschlussfeier 2024<\/a><br \/>\n31.07.2024: <a href=\"https:\/\/www.asv-oppenheim.de\/index.php\/2024\/07\/31\/einschraenkungen-durch-asp-fuer-den-asvo\/\">Einschr\u00e4nkungen durch ASP f\u00fcr den ASVO<\/a><br \/>\n20.07.2024: <a href=\"https:\/\/www.asv-oppenheim.de\/index.php\/2024\/06\/20\/jahreshauptversammlung-2024\/\">Jahreshauptversammlung 2024<\/a><br \/>\n03.06.2024: <a href=\"https:\/\/www.asv-oppenheim.de\/index.php\/2024\/06\/03\/sommerhochwasser-2024\/\">Sommerhochwasser 2024<\/a><br \/>\n18.05.2024: <a href=\"https:\/\/www.asv-oppenheim.de\/index.php\/2024\/05\/18\/einladung-jahreshauptversammlung-2024\/\">Einladung Jahreshauptversammlung 2024<\/a><\/p>\n<hr \/>\n<p>25.12.2023: <a href=\"https:\/\/www.asv-oppenheim.de\/index.php\/2023\/12\/25\/weihnachtshochwasser-2023\/\">Weihnachtshochwasser 2023<\/a><br \/>\n17.12.2023: <a href=\"https:\/\/www.asv-oppenheim.de\/index.php\/2023\/12\/16\/hochwasser-im-dezember-2023\/\">Hochwasser im Dezember 2023<\/a><br \/>\n22.11.2023: <a href=\"https:\/\/www.asv-oppenheim.de\/index.php\/2023\/11\/22\/fischessen-azo-un-herbstarbeitsdienste-2023\/\">Altenzentrum und Arbeitsdienste 2023<\/a><br \/>\n21.11.2023: <a href=\"https:\/\/www.asv-oppenheim.de\/index.php\/2023\/11\/21\/hochwasser-winter-2023\/\">Hochwasser Winter 2023<\/a><br \/>\n09.10.2023: <a href=\"https:\/\/www.asv-oppenheim.de\/index.php\/2023\/10\/09\/thomas-herzog-40-jahre-vereinsvorsitzender\/\">Thomas Herzog, 40 Jahre Vereinsvorsitzender<\/a><br \/>\n21.06.2023: <a href=\"https:\/\/www.asv-oppenheim.de\/index.php\/2023\/06\/21\/asvo-hat-vorstand-bis-zum-jubilaeum-gewaehlt\/\">ASVO hat Vorstand gew\u00e4hlt 2023<\/a><br \/>\n23.02.2023: <a href=\"https:\/\/www.asv-oppenheim.de\/index.php\/2023\/02\/23\/aktion-sauberes-waeldchen-in-2023\/\">Aktion sauberes W\u00e4ldchen in 2023<\/a><\/p>\n<hr \/>\n<p>18.12.2022: <a href=\"https:\/\/www.asv-oppenheim.de\/index.php\/2022\/12\/18\/jahresabschluss-2022\/\">Jahresabschluss 2022<\/a><br \/>\n09.11.2022: <a href=\"https:\/\/www.asv-oppenheim.de\/index.php\/2022\/11\/09\/fischessen-im-azo-2022\/\">Fischessen im AZO 2022<\/a><br \/>\n02.10.2022: <a href=\"https:\/\/www.asv-oppenheim.de\/index.php\/2022\/10\/02\/bericht-fischessen-2022\/\">Bericht Fischessen 2022<\/a><br \/>\n24.08.2022: <a href=\"https:\/\/www.asv-oppenheim.de\/index.php\/2022\/08\/24\/2022-fischessen-im-sommer\/\">Fischessen im Sommer 2022<\/a><br \/>\n27.07.2022: <a href=\"https:\/\/www.asv-oppenheim.de\/index.php\/2022\/07\/27\/installation-pumpe-2022\/\">Installation Pumpe 2022<\/a><br \/>\n28.06.2022: <a href=\"https:\/\/www.asv-oppenheim.de\/index.php\/2022\/06\/28\/bericht-jahreshauptversammlung-2022\/\">Bericht Jahreshauptversammlung 2022<\/a><br \/>\n02.05.2022: <a href=\"https:\/\/www.asv-oppenheim.de\/index.php\/2022\/05\/02\/einladung-jahreshauptversammlung-2022\/\">Einladung Jahreshauptversammlung 2022<\/a><br \/>\n02.01.2022: <a href=\"https:\/\/www.asv-oppenheim.de\/index.php\/2022\/01\/02\/jahresrueckblick-2021\/\">Jahresr\u00fcckblick 2021<\/a><\/p>\n<hr \/>\n<p>20.12.2021: <a href=\"https:\/\/www.asv-oppenheim.de\/index.php\/2022\/01\/01\/fischbesatz-2021\/\">Fischbesatz 2021<\/a><br \/>\n23.07.2021: <a href=\"https:\/\/www.asv-oppenheim.de\/index.php\/2021\/07\/23\/aufruf-zur-spende-fuer-die-flutopfer\/\">Aufruf zur Spende f\u00fcr die Flutopfer<\/a><br \/>\n20.07.2021: <a href=\"https:\/\/www.asv-oppenheim.de\/index.php\/2021\/07\/20\/hochwasser-sommer-2021\/\">Hochwasser Sommer 2021<\/a><br \/>\n14.07.2021: <a href=\"https:\/\/www.asv-oppenheim.de\/index.php\/2021\/06\/14\/bericht-generalversammlung-2021\/\">Bericht Generalversammlung 2021<\/a><br \/>\n03.06.2021: <a href=\"https:\/\/www.asv-oppenheim.de\/index.php\/2021\/06\/09\/einladung-generalversammlung-2021\/\">Einladung Generalversammlung 2021<\/a><br \/>\n03.02.2021: <a href=\"https:\/\/www.asv-oppenheim.de\/index.php\/2021\/02\/03\/2021-hochwasser\/\">Hochwasser 2021<\/a><\/p>\n<hr \/>\n<p>24.12.2020: <a href=\"https:\/\/www.asv-oppenheim.de\/index.php\/2020\/12\/24\/rueckmeldung-rundschreiben-2020\/\">R\u00fcckmeldung Rundschreiben 2020<\/a><br \/>\n17.12.2020: <a href=\"https:\/\/www.asv-oppenheim.de\/index.php\/2020\/12\/17\/2020-jahresrueckblick\/\">Jahresr\u00fcckblick 2020<\/a><br \/>\n29.08.2020: <a href=\"https:\/\/www.asv-oppenheim.de\/index.php\/2020\/08\/29\/hoechste-auszeichnung-des-landes-fuer-ilse-und-dieter-ruediger\/\">H\u00f6chste Auszeichnung des Landes f\u00fcr Ilse und Dieter R\u00fcdiger<\/a><br \/>\n19.04.2020: <a href=\"https:\/\/www.asv-oppenheim.de\/index.php\/2020\/04\/19\/aktuelle-entwicklung\/\">Aktuelle Entwicklung 2020<\/a><br \/>\n11.02.2020: <a href=\"https:\/\/www.asv-oppenheim.de\/index.php\/2020\/02\/11\/einladung-jahreshauptversammlung-2020\/\">Einladung Jahreshauptversammlung 2020<\/a><\/p>\n<hr \/>\n<p>26.11.2019: <a href=\"https:\/\/www.asv-oppenheim.de\/index.php\/2019\/11\/26\/weihnachtsfeier-2019\/\">Weihnachtsfeier 2019<\/a><br \/>\n07.11.2019: <a href=\"https:\/\/www.asv-oppenheim.de\/index.php\/2019\/11\/07\/fischessen-altenzentrum-2019\/\">Fischessen im Altenzentrum 2019<\/a><br \/>\n03.10.2019: <a href=\"https:\/\/www.asv-oppenheim.de\/index.php\/2019\/10\/03\/fischessen-im-september-2019\/\">Fischessen im September 2019<\/a><br \/>\n20.04.2019: <a href=\"https:\/\/www.asv-oppenheim.de\/index.php\/2019\/04\/20\/bericht-generalversammlung-2018\/\">Bericht Generalversammlung 2019<\/a><br \/>\n04.03.2019: <a href=\"https:\/\/www.asv-oppenheim.de\/index.php\/2019\/03\/04\/einladung-generalversammlung-2019\/\">Einladung Generalversammlung 2019<\/a><br \/>\n22.02.2019: <a href=\"https:\/\/www.asv-oppenheim.de\/index.php\/2019\/02\/22\/asvo-stadt-sanierung-der-kiesgrube-schreitet-zuegig-voran\/\">ASVO &amp; Stadt: Sanierung der Kiesgrube schreitet z\u00fcgig voran<\/a><br \/>\n18.02.2019: <a href=\"https:\/\/www.asv-oppenheim.de\/index.php\/2019\/02\/18\/aktion-sauberes-waeldchen-in-2019\/\">Aktion sauberes W\u00e4ldchen in 2019<\/a><br \/>\n07.01.2019: <a href=\"https:\/\/www.asv-oppenheim.de\/index.php\/2019\/01\/07\/arbeitsdienste-2019-und-kiesgrube\/\">Arbeitsdienste 2019 und Kiesgrube<\/a><\/p>\n<hr \/>\n<p>20.10.2018: <a href=\"https:\/\/www.asv-oppenheim.de\/index.php\/2018\/10\/20\/arbeitsdienst\/\">Arbeitsdienst 2018<\/a><br \/>\n29.09.2018: <a href=\"https:\/\/www.asv-oppenheim.de\/index.php\/2018\/09\/29\/information-des-vorstandes\/\">Information des Vorstandes 2018<\/a><br \/>\n18.08.2018: <a href=\"https:\/\/www.asv-oppenheim.de\/index.php\/2018\/08\/18\/belastung-der-gewaesser\/\">Hitzebelastung der Gew\u00e4sser 2018<\/a><br \/>\n<span class=\"posted-on\">04.07.2018:<\/span> <a href=\"https:\/\/www.asv-oppenheim.de\/index.php\/2018\/07\/04\/sommerfest-2018\/\">Sommerfest 2018<\/a><br \/>\n27.04.2018: <a href=\"https:\/\/www.asv-oppenheim.de\/index.php\/2018\/04\/27\/bericht-jahreshauptversammlung-2018\/\">Bericht Jahreshauptversammlung 2018<\/a><br \/>\n23.04.2018: <a href=\"https:\/\/www.asv-oppenheim.de\/index.php\/2018\/04\/23\/fischbesatz-2018\/\">Fischbesatz im Fr\u00fchjahr 2018<\/a><br \/>\n08.04.2018: <a href=\"https:\/\/www.asv-oppenheim.de\/index.php\/2018\/04\/08\/einladung-jahreshauptversammlung-2018\/\">Einladung Jahreshauptversammlung 2018<\/a><br \/>\n24.02.2018: <a href=\"https:\/\/www.asv-oppenheim.de\/index.php\/2018\/02\/24\/mitteilung-zur-aktion-sauberes-waeldchen-in-2018\/\">Aktion sauberes W\u00e4ldchen in 2018<\/a><br \/>\n15.01.2018: \u00a0<a href=\"https:\/\/www.asv-oppenheim.de\/index.php\/2018\/01\/15\/neujahrsempfang-2018\/\">Neujahrsempfang 2018<\/a><br \/>\n06.01.2018: <a href=\"https:\/\/www.asv-oppenheim.de\/index.php\/2018\/01\/06\/hochwasser-2018\/\">Hochwasser 2018<\/a><\/p>\n<hr \/>\n<p>31.12.2017: <a href=\"https:\/\/www.asv-oppenheim.de\/index.php\/2017\/12\/31\/rundschreiben-und-ausblick-2018\/\">Rundschreiben und Ausblick 2018<\/a><br \/>\n11.12.2017: <a href=\"https:\/\/www.asv-oppenheim.de\/index.php\/2017\/12\/11\/oppenheimer-angler-feiern-jahresabschluss-2017\/\">Angler feiern Jahresabschluss 2017<\/a><br \/>\n08.11.2017: <a href=\"https:\/\/www.asv-oppenheim.de\/index.php\/2017\/11\/08\/fischessen-im-altenzentrum-oppenheim-in-2017\/\">Fischessen im AZO 2017<\/a><br \/>\n06.09.2017: <a href=\"https:\/\/www.asv-oppenheim.de\/index.php\/2017\/09\/06\/einladung-fischessen-herbst-2017\/\">Einladung Fischessen Herbst 2017<\/a><br \/>\n28.08.2017: <a href=\"https:\/\/www.asv-oppenheim.de\/index.php\/2017\/08\/28\/nachwahlen-ehrungen-und-familienfest\/\">Nachwahlen, Ehrungen und Familienfest<\/a><br \/>\n03.08.2017: <a href=\"https:\/\/www.asv-oppenheim.de\/index.php\/2017\/08\/03\/verspaeteter-bericht-2017\/\">Lokale Presse ver\u00f6ffentlicht versp\u00e4tet Bericht<\/a><br \/>\n20.06.2017: <a href=\"https:\/\/www.asv-oppenheim.de\/index.php\/2017\/07\/20\/einladung-versammlung-und-fest\/\">Einladung an alle Mitglieder<\/a><br \/>\n05.05.2017: <a href=\"https:\/\/www.asv-oppenheim.de\/index.php\/2017\/05\/11\/generalversammlung-2017\/\">Bericht Generalversammlung<\/a><\/p>\n<hr \/>\n<p>24.09.2016: <a href=\"https:\/\/www.asv-oppenheim.de\/index.php\/2016\/09\/24\/bericht-in-der-az\/\">Bericht in der Allgemeinen Zeitung<br \/>\n<\/a>19.09.2016: <a href=\"https:\/\/www.asv-oppenheim.de\/index.php\/2016\/09\/19\/knusprige-backfische-2016\/\">Knusprige Backfische<br \/>\n<\/a>26.06.2016: <a href=\"https:\/\/www.asv-oppenheim.de\/index.php\/2016\/06\/26\/sommerfischessen-2016-abgesagt\/\">Absage des Sommerfests am 03.07.2016<br \/>\n<\/a>20.04.2016: <a href=\"https:\/\/www.asv-oppenheim.de\/index.php\/2016\/04\/20\/bericht-jahresversammlung-2016\/\">Bericht Jahreshauptversammlung<\/a><a href=\"https:\/\/www.asv-oppenheim.de\/_ASV\/aktuelles\/2016\/betretungsverbot-sandloch\/index.html\"><br \/>\n<\/a>28.02.2016: <a href=\"https:\/\/www.asv-oppenheim.de\/index.php\/2016\/02\/28\/einladung-jahresversammlung-2016\/\">Einladung zur Generalversammlung<\/a><\/p>\n<hr \/>\n<p>03.12.2015: <a href=\"https:\/\/www.asv-oppenheim.de\/index.php\/2015\/12\/03\/abschlussfeier-2015\/\">Jahresabschlussfeier<\/a><br \/>\n10.11.2015: <a href=\"https:\/\/www.asv-oppenheim.de\/index.php\/2015\/11\/10\/fischessen-des-asvo-im-azo\/\">Fischessen im Altenzentrum<\/a><br \/>\n28.08.2015: <a href=\"https:\/\/www.asv-oppenheim.de\/index.php\/2015\/08\/28\/familienfest-2015\/\">ASVO ehrt Mitglieder beim Familienfischen<\/a><br \/>\n17.07.2015: <a href=\"https:\/\/www.asv-oppenheim.de\/index.php\/2015\/07\/17\/fischessen-im-sommer-2015\/\">Fischessen im Sommer<\/a><br \/>\n26.06.2015: <a href=\"https:\/\/www.asv-oppenheim.de\/index.php\/2015\/06\/26\/einladung-fischessen-2015\/\">Einladung zum Fischessen<\/a><br \/>\n14.05.2015: <a href=\"https:\/\/www.asv-oppenheim.de\/index.php\/2015\/05\/11\/fischessen-und-spende-2015\/\">Fischessen und Unterst\u00fctzung von B\u00e4renherz<\/a><br \/>\n06.05.2015: <a href=\"https:\/\/www.asv-oppenheim.de\/index.php\/2015\/05\/06\/hochwasser-2015\/\">Hochwasser<\/a><a href=\"https:\/\/www.asv-oppenheim.de\/_ASV\/startseite\/index.html\"><br \/>\n<\/a>12.04.2015: <a href=\"https:\/\/www.asv-oppenheim.de\/index.php\/2015\/04\/12\/vorstand-bestaetigt-in-2015\/\">Bericht zur Generalversammlung<\/a><br \/>\n28.02.2015: <a href=\"https:\/\/www.asv-oppenheim.de\/index.php\/2015\/02\/28\/einladung-generalversammlung-2015\/\">Einladung zur Generalversammlung<\/a><\/p>\n<hr \/>\n<p>30.10.2014: <a href=\"https:\/\/www.asv-oppenheim.de\/index.php\/2014\/10\/30\/fischessen-im-altenzentrum-3\/\">Fischessen<br \/>\n<\/a>19.09.2014: <a href=\"https:\/\/www.asv-oppenheim.de\/index.php\/2014\/09\/19\/fischessen-2\/\">Fischessen im September<br \/>\n<\/a>18.08.2014: <a href=\"https:\/\/www.asv-oppenheim.de\/index.php\/2014\/08\/18\/ausfall-frauen-und-seniorenfischen\/\">Frauen- und Seniorenfischen<br \/>\n<\/a>14.08.2014: <a href=\"https:\/\/www.asv-oppenheim.de\/index.php\/2014\/08\/14\/mitgliederinformation\/\">Mitglieder Information<br \/>\n<\/a>02.04.2014: <a href=\"https:\/\/www.asv-oppenheim.de\/index.php\/2014\/04\/02\/zufahrt-zum-gewaesser\/\">Schreiben an die Stadt Oppenheim &#8211; Parkplatz und Zufahrt zum Gew\u00e4sser<br \/>\n<\/a>02.04.2014: <a href=\"https:\/\/www.asv-oppenheim.de\/index.php\/2014\/04\/02\/jahreshauptversammlung-2014\/\">Bericht der Jahreshauptversammlung<br \/>\n<\/a>07.03.2014: <a href=\"https:\/\/www.asv-oppenheim.de\/index.php\/2014\/03\/07\/sauberes-waeldchen-3\/\">Sauberes W\u00e4ldchen<br \/>\n<\/a>01.01.2014: <a href=\"https:\/\/www.asv-oppenheim.de\/index.php\/2014\/01\/01\/jahreshauptversammlung\/\">Einladung zur Jahreshauptversammlung<\/a><\/p>\n<hr \/>\n<p>01.12.2013: <a href=\"https:\/\/www.asv-oppenheim.de\/index.php\/2013\/12\/01\/jahresabschlussfeier-2013\/\">Jahresabschlussfeier 2013<\/a><br \/>\n12.11.2013: <a href=\"https:\/\/www.asv-oppenheim.de\/index.php\/2013\/11\/12\/fischessen-im-altenzentrum-2\/\">Fischessen im AZO<\/a><br \/>\n25.09.2013: <a href=\"https:\/\/www.asv-oppenheim.de\/index.php\/2013\/09\/25\/einladung-zum-fischessen\/\">Einladung zum Fischessen<\/a><br \/>\n24.09.2013: <a href=\"https:\/\/www.asv-oppenheim.de\/index.php\/2013\/09\/24\/gratulation-hr-held\/\">Gratulation an Hr. Held<\/a><br \/>\n10.07.2013: <a href=\"https:\/\/www.asv-oppenheim.de\/index.php\/2013\/07\/10\/frauen-und-seniorenfischen\/\">Frauen- und Seniorenfischen<\/a><a href=\"http:\/\/asv-oppenheim.de\/\"><br \/>\n<\/a>10.07.2013: <a href=\"https:\/\/www.asv-oppenheim.de\/index.php\/2013\/07\/10\/fischessen\/\">Fischessen<\/a><br \/>\n27.06.2013: <a href=\"https:\/\/www.asv-oppenheim.de\/index.php\/2013\/06\/27\/fischrettung\/\">Fischrettung nach Hochwasser<\/a><br \/>\n03.06.2013: <a href=\"https:\/\/www.asv-oppenheim.de\/index.php\/2013\/04\/20\/hochwasser\/\">Hochwasser<\/a><br \/>\n20.04.2013: <a href=\"https:\/\/www.asv-oppenheim.de\/index.php\/2013\/04\/20\/anfischen\/\">Anfischen<\/a><br \/>\n11.03.2013: <a href=\"https:\/\/www.asv-oppenheim.de\/index.php\/2013\/03\/11\/angler-bestaetigen-vorstand\/\">Vorstand wird best\u00e4tigt<\/a><br \/>\n10.03.2013: <a href=\"https:\/\/www.asv-oppenheim.de\/index.php\/2013\/02\/04\/sauberes-waeldchen-2\/\">Einladung zur Aktion sauberes W\u00e4ldchen der Stadt Oppenheim<\/a><br \/>\n28.01.2013: <a href=\"https:\/\/www.asv-oppenheim.de\/index.php\/2013\/01\/28\/einladung-zur-generalversammlung\/\">Einladung zur Generalversammlung<\/a><\/p>\n<hr \/>\n<p>01.12.2012: <a href=\"https:\/\/www.asv-oppenheim.de\/index.php\/2012\/12\/01\/jahresabschlussfeier\/\">Jahresabschlussfeier<\/a><br \/>\n12.11.2012: <a href=\"https:\/\/www.asv-oppenheim.de\/index.php\/2012\/11\/12\/fischessen-im-altenzentrum\/\">Fischessen des ASVO f\u00fcr die Bewohner und G\u00e4ste des Altenzentrums<\/a><br \/>\n01.11.2012: <a href=\"https:\/\/www.asv-oppenheim.de\/index.php\/2012\/11\/01\/rundschreiben\/\">Rundschreiben im November<\/a><br \/>\n11.09.2012: <a href=\"https:\/\/www.asv-oppenheim.de\/index.php\/2012\/09\/11\/vereinsausflug-nach-metz\/\">Vereinsausflug nach Metz<\/a><br \/>\n19.08.2012: <a href=\"https:\/\/www.asv-oppenheim.de\/index.php\/2012\/08\/19\/vereinsehrung\/\">Vereinsehrung<\/a><br \/>\n02.07.2012: <a href=\"https:\/\/www.asv-oppenheim.de\/index.php\/2012\/07\/02\/sommerfest\/\">Sommerfest<\/a><br \/>\n30.06.2012: <a href=\"https:\/\/www.asv-oppenheim.de\/index.php\/2012\/06\/30\/spende-ff-oppenheim\/\">Spende f\u00fcr die Freiwillige Feuerwehr Oppenheim<\/a><br \/>\n17.05.2012:\u00a0 <a href=\"https:\/\/www.asv-oppenheim.de\/index.php\/2012\/05\/12\/fischessen-am-vatertag\/\">Fischessen zum Vatertag<\/a><br \/>\n08.05.2012: <a href=\"https:\/\/www.asv-oppenheim.de\/index.php\/2012\/05\/08\/sanierung-sandloch\/\">Sanierung Sandloch<\/a><br \/>\n03.04.2012: <a href=\"https:\/\/www.asv-oppenheim.de\/index.php\/2012\/04\/04\/152\/\">Bericht der Jahreshauptversammlung<\/a><br \/>\n31.03.2012: Geschichte online<br \/>\n23.02.2012: <a href=\"https:\/\/www.asv-oppenheim.de\/index.php\/2012\/02\/23\/sauberes-waeldchen\/\">Einladung zur Aktion &#8222;Sauberes W\u00e4ldchen<\/a><br \/>\n28. und 29.01.12: <a href=\"https:\/\/www.asv-oppenheim.de\/index.php\/2012\/01\/29\/pflegemassnahme\/\">Pflegema\u00dfnahme am Sandloch<\/a><br \/>\n22.01.2012: <a href=\"https:\/\/www.asv-oppenheim.de\/index.php\/2012\/01\/22\/122\/\">Begutachtung der Teiche des ASV Oppenheim am 20.01.2012<\/a><br \/>\n25.01.2012: Mitgliedsantrag unter Verein online<\/p>\n","protected":false},"excerpt":{"rendered":"<p>&nbsp; 20.12.2024: Jahresabschlussfeier 2024 31.07.2024: Einschr\u00e4nkungen durch ASP f\u00fcr den ASVO 20.07.2024: Jahreshauptversammlung 2024 03.06.2024: Sommerhochwasser 2024 18.05.2024: Einladung Jahreshauptversammlung 2024 25.12.2023: Weihnachtshochwasser 2023 17.12.2023: Hochwasser im Dezember 2023 22.11.2023: Altenzentrum und Arbeitsdienste 2023 21.11.2023: Hochwasser Winter 2023 09.10.2023: Thomas Herzog, 40 Jahre Vereinsvorsitzender 21.06.2023: ASVO hat Vorstand gew\u00e4hlt 2023 23.02.2023: Aktion sauberes W\u00e4ldchen in [&hellip;]<\/p>\n","protected":false},"author":3,"featured_media":0,"parent":0,"menu_order":0,"comment_status":"closed","ping_status":"closed","template":"page-fullwidth.php","meta":{"footnotes":""},"class_list":["post-44","page","type-page","status-publish","hentry"],"_links":{"self":[{"href":"https:\/\/www.asv-oppenheim.de\/index.php\/wp-json\/wp\/v2\/pages\/44","targetHints":{"allow":["GET"]}}],"collection":[{"href":"https:\/\/www.asv-oppenheim.de\/index.php\/wp-json\/wp\/v2\/pages"}],"about":[{"href":"https:\/\/www.asv-oppenheim.de\/index.php\/wp-json\/wp\/v2\/types\/page"}],"author":[{"embeddable":true,"href":"https:\/\/www.asv-oppenheim.de\/index.php\/wp-json\/wp\/v2\/users\/3"}],"replies":[{"embeddable":true,"href":"https:\/\/www.asv-oppenheim.de\/index.php\/wp-json\/wp\/v2\/comments?post=44"}],"version-history":[{"count":41,"href":"https:\/\/www.asv-oppenheim.de\/index.php\/wp-json\/wp\/v2\/pages\/44\/revisions"}],"predecessor-version":[{"id":1395,"href":"https:\/\/www.asv-oppenheim.de\/index.php\/wp-json\/wp\/v2\/pages\/44\/revisions\/1395"}],"wp:attachment":[{"href":"https:\/\/www.asv-oppenheim.de\/index.php\/wp-json\/wp\/v2\/media?parent=44"}],"curies":[{"name":"wp","href":"https:\/\/api.w.org\/{rel}","templated":true}]}}