{"id":6,"date":"2017-08-12T21:35:24","date_gmt":"2017-08-12T19:35:24","guid":{"rendered":"http:\/\/www.asv-oppenheim.de\/?page_id=6"},"modified":"2025-01-15T21:02:17","modified_gmt":"2025-01-15T20:02:17","slug":"startseite","status":"publish","type":"page","link":"https:\/\/www.asv-oppenheim.de\/","title":{"rendered":"100 Jahre &#8211; Angelsportverein Oppenheim"},"content":{"rendered":"<hr \/>\n<p><span style=\"color: #339966;\"><strong>Hinweis:<\/strong> <\/span><span style=\"color: #339966;\">Bitte \u00fcber die <a href=\"https:\/\/www.asv-oppenheim.de\/wp-content\/uploads\/Dokumente\/Sonderbestimmungen\">Sonderbestimmungen<\/a> informieren und\u00a0 vor allem die Schonzeit f\u00fcr Raubfische beachten.<br \/>\n<\/span><\/p>\n<hr \/>\n<p>Liebe Freunde des ASV Oppenheim e.V.,<\/p>\n<p>wir begr\u00fc\u00dfen Sie recht herzlich auf der Internetseite unseres Vereines und danken f\u00fcr das Interesse an unserer Arbeit.<\/p>\n<p>Der Angelsportverein Oppenheim e.V. wurde im Jahre 1925 gegr\u00fcndet und z\u00e4hlt derzeit etwa 200 Mitglieder. Wir betreuen die Gew\u00e4sser Kiesgrube, Sandloch, Neuloch sowie die Rattenfalle und sind als Mitglied des Vereines Deutscher Sportfischer anerkannter Naturschutzverband. Diesem Ansinnen wird im Besonderen Rechnung getragen mit der Einrichtung von umfangreichen Schutzzonen; insbesondere am Gew\u00e4sser Kiesgrube.<img loading=\"lazy\" decoding=\"async\" class=\"wp-image-11 alignright\" src=\"https:\/\/www.asv-oppenheim.de\/wp-content\/uploads\/2017\/08\/Kiesgrube-Vogelschutzschild-300x225.jpg\" alt=\"\" width=\"252\" height=\"189\" \/><\/p>\n<p>Auf Basis einer intensiven Zusammenarbeit mit der Stadt Oppenheim wurde der gr\u00f6\u00dfte Teil des Gew\u00e4ssers und des Uferbereiches in ein Schutzgebiet f\u00fcr Fische, Wasserv\u00f6gel und Landv\u00f6gel umgewandelt. Wir bitten Sie an dieser Stelle herzlich, die durch Schilder gekennzeichneten Bereiche ganzj\u00e4hrig nicht zu betreten!<\/p>\n<p>Selbstverst\u00e4ndlich pflegen wir die jahrhundertlange Aus\u00fcbung der Fischerei und sind f\u00fcr den Schutz der Gew\u00e4sser sowie des Fischbesatzes zust\u00e4ndig.<\/p>\n<p>Dies ist unsere Hauptaufgabe und stellt ein st\u00e4ndiges Zusammenspiel zwischen der Pflege der uns anvertrauten Gew\u00e4sser, des Naturschutzes sowie der Verwertung der gefangenen Fische dar. Hierf\u00fcr wurden und werden st\u00e4ndig pro Jahr etwa 1500 Arbeitsstunden im Wege des Ehrenamtes geleistet. S\u00e4mtliche Einnahmen aus den Beitr\u00e4gen sowie aus den Erl\u00f6sen der Veranstaltungen flie\u00dfen zum gr\u00f6\u00dften Teil in die Gew\u00e4sser und Anlagen.<\/p>\n<p>Unser Verein leistet dies auf der Basis von sehr niedrigen Beitragszahlungen der Mitglieder. Diese, dem Gemeinwohl verbundene Einstellung, dr\u00fcckt sich auch im Engagement f\u00fcr vielf\u00e4ltige soziale und kulturelle Aufgaben in Oppenheim aus. So sind Spenden f\u00fcr die Fenster, f\u00fcr die Orgel in der Katharinenkirche in Oppenheim, f\u00fcr die Oppenheimer Kinderg\u00e4rten sowie f\u00fcr die Tafel zu nennen. Gerne laden wir seit mehr als 25 Jahren ununterbrochen die Senioren des Altenheimes in Oppenheim allj\u00e4hrlich zum Fischessen kostenlos ein. Dieser langj\u00e4hrige Einsatz sucht sicher seinesgleichen bei anderen Naturschutzverb\u00e4nden.<\/p>\n<p>Gerne freuen wir uns auf den regen Zuspruch bei den regelm\u00e4\u00dfig stattfindenden Fischessen an unserem Gew\u00e4sser Sandloch.<\/p>\n<p>Sie k\u00f6nnen sicher sein, dass wir auch in der Zukunft die uns anvertrauten Anlagen verantwortungsbewusst pflegen und weiterentwickeln werden!<\/p>\n<p>Thomas Herzog\u00a0\u00a0 und\u00a0\u00a0\u00a0\u00a0 Dieter R\u00fcdiger<br \/>\n(Vorsitzender)\u00a0\u00a0\u00a0\u00a0 \u00a0\u00a0 \u00a0\u00a0\u00a0\u00a0\u00a0\u00a0\u00a0\u00a0 (2. Vorsitzender)<\/p>\n","protected":false},"excerpt":{"rendered":"<p>Hinweis: Bitte \u00fcber die Sonderbestimmungen informieren und\u00a0 vor allem die Schonzeit f\u00fcr Raubfische beachten. Liebe Freunde des ASV Oppenheim e.V., wir begr\u00fc\u00dfen Sie recht herzlich auf der Internetseite unseres Vereines und danken f\u00fcr das Interesse an unserer Arbeit. Der Angelsportverein Oppenheim e.V. wurde im Jahre 1925 gegr\u00fcndet und z\u00e4hlt derzeit etwa 200 Mitglieder. Wir betreuen [&hellip;]<\/p>\n","protected":false},"author":3,"featured_media":0,"parent":0,"menu_order":0,"comment_status":"closed","ping_status":"closed","template":"","meta":{"footnotes":""},"class_list":["post-6","page","type-page","status-publish","hentry"],"_links":{"self":[{"href":"https:\/\/www.asv-oppenheim.de\/index.php\/wp-json\/wp\/v2\/pages\/6","targetHints":{"allow":["GET"]}}],"collection":[{"href":"https:\/\/www.asv-oppenheim.de\/index.php\/wp-json\/wp\/v2\/pages"}],"about":[{"href":"https:\/\/www.asv-oppenheim.de\/index.php\/wp-json\/wp\/v2\/types\/page"}],"author":[{"embeddable":true,"href":"https:\/\/www.asv-oppenheim.de\/index.php\/wp-json\/wp\/v2\/users\/3"}],"replies":[{"embeddable":true,"href":"https:\/\/www.asv-oppenheim.de\/index.php\/wp-json\/wp\/v2\/comments?post=6"}],"version-history":[{"count":26,"href":"https:\/\/www.asv-oppenheim.de\/index.php\/wp-json\/wp\/v2\/pages\/6\/revisions"}],"predecessor-version":[{"id":1385,"href":"https:\/\/www.asv-oppenheim.de\/index.php\/wp-json\/wp\/v2\/pages\/6\/revisions\/1385"}],"wp:attachment":[{"href":"https:\/\/www.asv-oppenheim.de\/index.php\/wp-json\/wp\/v2\/media?parent=6"}],"curies":[{"name":"wp","href":"https:\/\/api.w.org\/{rel}","templated":true}]}}