{"id":70,"date":"2017-08-12T22:55:08","date_gmt":"2017-08-12T20:55:08","guid":{"rendered":"http:\/\/www.asv-oppenheim.de\/?page_id=70"},"modified":"2017-09-01T23:38:08","modified_gmt":"2017-09-01T21:38:08","slug":"sandloch","status":"publish","type":"page","link":"https:\/\/www.asv-oppenheim.de\/index.php\/gewaesser\/sandloch\/","title":{"rendered":"Sandloch"},"content":{"rendered":"<h1>Gestaltung einer Pflanzenbucht am Vereinsgew\u00e4sser Sandloch<\/h1>\n<p>von Karl-Heinz Strupp:<\/p>\n<p>Um am Gew\u00e4sser Sandloch einen dauerhaften Pflanzenbereich zu schaffen, k\u00f6nnte die kleinere der beiden Buchten nach dem Prinzip einer Pflanzenkl\u00e4ranlage umge\u00adstaltet werden.<\/p>\n<p>In dieser Bucht k\u00f6nnte die Pflanzenkl\u00e4ranlage entstehen:<\/p>\n<p><img loading=\"lazy\" decoding=\"async\" class=\"size-full wp-image-484 alignnone\" src=\"https:\/\/www.asv-oppenheim.de\/wp-content\/uploads\/2017\/09\/Sand-Bild1-Bereich.png\" alt=\"\" width=\"400\" height=\"273\" srcset=\"https:\/\/www.asv-oppenheim.de\/wp-content\/uploads\/2017\/09\/Sand-Bild1-Bereich.png 400w, https:\/\/www.asv-oppenheim.de\/wp-content\/uploads\/2017\/09\/Sand-Bild1-Bereich-300x205.png 300w\" sizes=\"auto, (max-width: 400px) 100vw, 400px\" \/><\/p>\n<p>Pflanzenkl\u00e4ranlagen werden \u00fcblicherweise zur Abwasserreinigung bei Anwesen eingesetzt, die nicht an \u00f6ffentliche Kl\u00e4ranlagen angeschlossen werden k\u00f6nnen. Dabei macht man sich die Reinigungsleistung und Renaturierungswirkung von Uferpflanzen wie Schilf, Binsen und Rohrkolben zu nutze, um belastete Brauchw\u00e4sser in einen biologisch unbedenklichen Zustand zu verbessern. \u00dcblicherweise wird vorab mechanisch gereinigtes Schmutzwasser in eine Pflanzenfl\u00e4che geleitet, durchflie\u00dft diese je nach Prinzip und Bauweise horizontal oder vertikal und verl\u00e4sst die Anlage in gereinigtem und belebtem Zustand.<\/p>\n<p>Adaptiert man dieses Wirkprinzip f\u00fcr eine dauerhafte Schilffl\u00e4che am Gew\u00e4sser Sandloch, dann spielen die Faktoren Schmutzlast, Einwohnergleichwerte, chemische Verbindungen, Gr\u00f6\u00dfenverh\u00e4ltnisse etc., denen \u00fcblicherweise bei der Gestaltung einer solchen Anlage die Hauptaufmerksamkeit geh\u00f6rt, keine bzw. nur eine untergeordnete Rolle.<\/p>\n<p>F\u00fcr das Sandlochwasser, das die Anlage durchflie\u00dfen sollte, erg\u00e4be sich zwangsl\u00e4u\u00adfig eine erhebliche Qualit\u00e4tsverbesserung, weil die Pflanzfl\u00e4che die im Wasser gel\u00f6s\u00adten N\u00e4hrstoffe erheblich minimieren k\u00f6nnte und gleichzeitig eine Sauerstoffanreiche\u00adrung erfolgen w\u00fcrde.<\/p>\n<p>Zur Anlage einer Pflanzenkl\u00e4ranlage m\u00fcsste die vordere Bucht zwischen dem Mitteldamm und dem Ufer in geeigneter Weise vom Gew\u00e4sser abgetrennt werden, was durch einen Damm aus Faschinen oder Mauerwerk zu erreichen w\u00e4re. Diese Absperrung k\u00f6nnte so angelegt werden, dass ein direkter \u00dcbergang vom Ufer zur jet\u00adzigen Halbinsel entsteht.<\/p>\n<p>Die abgeteilte Fl\u00e4che lie\u00dfe sich mit Aushubmaterial aus dem Gew\u00e4sser verf\u00fcllen &#8211; es k\u00f6nnten hier ca. 50 &#8211; 80 cbm eingebracht werden. Der Abtransport von Sediment\/ Substrat aus dem \u201dSandloch\u201d w\u00fcrde durch diese sinnvolle Verwendung entbehrlich.<\/p>\n<p>Pflanzfl\u00e4che (Draufsicht):<\/p>\n<p><img loading=\"lazy\" decoding=\"async\" class=\"alignnone size-full wp-image-485\" src=\"https:\/\/www.asv-oppenheim.de\/wp-content\/uploads\/2017\/09\/Sand-Bild2-Pflanzenflaeche.png\" alt=\"\" width=\"382\" height=\"278\" srcset=\"https:\/\/www.asv-oppenheim.de\/wp-content\/uploads\/2017\/09\/Sand-Bild2-Pflanzenflaeche.png 382w, https:\/\/www.asv-oppenheim.de\/wp-content\/uploads\/2017\/09\/Sand-Bild2-Pflanzenflaeche-300x218.png 300w\" sizes=\"auto, (max-width: 382px) 100vw, 382px\" \/><\/p>\n<p>In dieser Abbildung habe ich versucht, die Umgestaltung und gleichzeitig die Wir\u00adkungsweise der neuen Pflanzenfl\u00e4che zu skizzieren.<\/p>\n<p>Hier noch einige Erl\u00e4uterungen:<\/p>\n<p>Durch die Installation einer Solarwasserpumpe kann die Pflanzenkl\u00e4rfl\u00e4che ganz\u00adj\u00e4hrig zur Reinigung des Sandlochwassers genutzt werden. Dazu k\u00f6nnten auf dem Dach des neuen Ger\u00e4tehauses 2-3 Solarzellen installiert werden, um die Batterien auf\u00adzuladen, die im Ger\u00e4tehaus wettergesch\u00fctzt untergebracht sein sollten. Im Uferbereich m\u00fcssten die Wasserpumpe und eine Leitung f\u00fcr den Wassertransport zum hinteren Bereich der Pflanzenfl\u00e4che angebracht werden. Da hier lediglich ein H\u00f6henunter\u00adschied von max. 2 Metern zu \u00fcberwinden ist, sollte dies technisch ohne weiteres m\u00f6g\u00adlich sein.<\/p>\n<p>Die Dachfl\u00e4che des Ger\u00e4tehauses wird nicht von \u00c4sten \u00fcberragt und liegt tags\u00fcber meist in voller Sonne. Den Anschaffungskosten f\u00fcr eine solche Anlage w\u00fcrde die Ein\u00adsparung laufender Stromkosten gegen\u00fcber stehen.<\/p>\n<p>Wenn man die Pflanzung an der Oberfl\u00e4che mit wechselseitigen Balken profiliert an\u00adlegt, sucht das Wasser nicht den k\u00fcrzesten Weg (ca. 10 Meter) zum Auslauf, sondern l\u00e4uft m\u00e4andernd ca. 60 &#8211; 80 Meter durch die Anlage. Dadurch vergr\u00f6\u00dfert sich die Kontaktfl\u00e4che erheblich, was folglich die Reinigungsleistung der Anlage erh\u00f6ht. Die im entstehenden Grabensystem gepflanzten Schilf- und Binsengew\u00e4chse durchwur\u00adzeln die gesamte Struktur und stabilisieren sie.<\/p>\n<p>Das Wasser \u201dschl\u00e4ngelt\u201d sich durch die Pflanzenfl\u00e4che:<\/p>\n<p><img loading=\"lazy\" decoding=\"async\" class=\"alignnone size-full wp-image-486\" src=\"https:\/\/www.asv-oppenheim.de\/wp-content\/uploads\/2017\/09\/Sand-Bild3.png\" alt=\"\" width=\"385\" height=\"261\" srcset=\"https:\/\/www.asv-oppenheim.de\/wp-content\/uploads\/2017\/09\/Sand-Bild3.png 385w, https:\/\/www.asv-oppenheim.de\/wp-content\/uploads\/2017\/09\/Sand-Bild3-300x203.png 300w\" sizes=\"auto, (max-width: 385px) 100vw, 385px\" \/><\/p>\n<p>Hier w\u00e4re der neue \u00dcbergang zur Halbinsel.<\/p>\n<p><img loading=\"lazy\" decoding=\"async\" class=\"alignnone size-full wp-image-487\" src=\"https:\/\/www.asv-oppenheim.de\/wp-content\/uploads\/2017\/09\/Sand-Bild4-Uebergang.png\" alt=\"\" width=\"385\" height=\"256\" srcset=\"https:\/\/www.asv-oppenheim.de\/wp-content\/uploads\/2017\/09\/Sand-Bild4-Uebergang.png 385w, https:\/\/www.asv-oppenheim.de\/wp-content\/uploads\/2017\/09\/Sand-Bild4-Uebergang-300x199.png 300w\" sizes=\"auto, (max-width: 385px) 100vw, 385px\" \/><\/p>\n<p>Von der Teichfl\u00e4che aus betrachtet w\u00fcrde hier also ein neuer Uferbereich entstehen, in den der Wassereinlauf aus der Schilf-\/R\u00f6hrichtpflanzung integriert w\u00e4re.<\/p>\n<p><img loading=\"lazy\" decoding=\"async\" class=\"alignnone size-full wp-image-488\" src=\"https:\/\/www.asv-oppenheim.de\/wp-content\/uploads\/2017\/09\/Sand-Bild5-Wirkungsweise.png\" alt=\"\" width=\"396\" height=\"263\" srcset=\"https:\/\/www.asv-oppenheim.de\/wp-content\/uploads\/2017\/09\/Sand-Bild5-Wirkungsweise.png 396w, https:\/\/www.asv-oppenheim.de\/wp-content\/uploads\/2017\/09\/Sand-Bild5-Wirkungsweise-300x199.png 300w\" sizes=\"auto, (max-width: 396px) 100vw, 396px\" \/><\/p>\n<p>Die folgende Skizze soll die Wirkungsweise der Anlage verdeutlichen:<\/p>\n<p><img loading=\"lazy\" decoding=\"async\" class=\"alignnone size-full wp-image-489\" src=\"https:\/\/www.asv-oppenheim.de\/wp-content\/uploads\/2017\/09\/Sand-Bild6-Horizontal.png\" alt=\"\" width=\"396\" height=\"261\" srcset=\"https:\/\/www.asv-oppenheim.de\/wp-content\/uploads\/2017\/09\/Sand-Bild6-Horizontal.png 396w, https:\/\/www.asv-oppenheim.de\/wp-content\/uploads\/2017\/09\/Sand-Bild6-Horizontal-300x198.png 300w\" sizes=\"auto, (max-width: 396px) 100vw, 396px\" \/><\/p>\n<p>Hier sind das bisherige Gel\u00e4ndeprofil, die aufgef\u00fcllte Fl\u00e4che und das zur besseren Nutzung der Anlage empfohlene Grabensystem erkennbar.<\/p>\n<p>Da die aufgef\u00fcllte Fl\u00e4che nicht mit einer Dichtfolie unterlegt ist (wie etwa bei einem Teich), w\u00fcrde zwangsl\u00e4ufig ein Teil des eingeleiteten Wassers \u00fcber die Fl\u00e4che ver\u00adsickern. Da das Sandloch jedoch vom Grundwasser gespeist wird, ginge kein Wasser verloren, sondern w\u00fcrde unmittelbar wieder dem Gew\u00e4sser zur Verf\u00fcgung stehen.<\/p>\n<p>Diese Form der Versickerung wird beim vertikalen Bauprinzip von Pflanzenkl\u00e4ranla\u00adgen genutzt und erreicht mit der Durchdringung des gesamten Wurzelk\u00f6rpers \u00fcbli\u00adcherweise sogar eine gr\u00f6\u00dfere Reinigungsleistung als horizontale Anlagen. Geht man von einer Wasserbeschickung der Anlage von nur 2 Kubikmetern pro Stunde aus, er\u00adgeben sich also 48 Kubikmeter pro Tag. Es ist insofern kaum vorstellbar, dass eine solche Wassermenge auf Dauer versickert und der horizontale Durchfluss der Anlage ausbleiben k\u00f6nnte. Es erg\u00e4be sich hier also eine Vermischung der beiden Wirkprinzi\u00adpien von vertikaler und horizontaler Kl\u00e4ranlage.<\/p>\n<p>Durch die stets in gleicher Wasserh\u00f6he \u00fcbersp\u00fclte Fl\u00e4che w\u00e4ren ideale Bedingungen zur Ansiedlung einer gro\u00dfen, langfristig intakten Pflanzenfl\u00e4che gegeben.<\/p>\n<p>Au\u00dferdem k\u00f6nnte der ASVO ein weiteres Mal die Bedeutung des Umweltaspektes in den Vordergrund stellen, weil damit automatisch Raum f\u00fcr Amphibien, Reptilien, Li\u00adbellen, V\u00f6gel und andere Kleintiere geschaffen wird &#8211; eine Anlage also, die \u201dwir nicht zuf\u00e4llig entdeckt haben\u201d, sondern die von uns geplant und gebaut wird und noch dazu ihre Zwecke erf\u00fcllt.<\/p>\n<p>Ein Bereich, der bei Normalwasser stets trocken f\u00e4llt:<img loading=\"lazy\" decoding=\"async\" class=\"size-full wp-image-490 alignnone\" src=\"https:\/\/www.asv-oppenheim.de\/wp-content\/uploads\/2017\/09\/Sand-Bild7-Bereich.png\" alt=\"\" width=\"396\" height=\"282\" srcset=\"https:\/\/www.asv-oppenheim.de\/wp-content\/uploads\/2017\/09\/Sand-Bild7-Bereich.png 396w, https:\/\/www.asv-oppenheim.de\/wp-content\/uploads\/2017\/09\/Sand-Bild7-Bereich-300x214.png 300w\" sizes=\"auto, (max-width: 396px) 100vw, 396px\" \/><\/p>\n<p>Abschlie\u00dfend m\u00f6chte ich noch einmal die positiven Aspekte der Anlage zusammenfassen:<\/p>\n<ul>\n<li>Kosteneinsparung durch Unterbringung des bei Baggerarbeiten anfallenden Aushubs vor Ort,<\/li>\n<li>Schaffung einer dauerhaften Schilffl\u00e4che von ca. 100 Quadratmetern,<\/li>\n<li>Reduzierung des N\u00e4hrstoffgehalts im Sandlochwasser,<\/li>\n<li>Sauerstoffanreicherung f\u00fcr den gesamten Teich,<\/li>\n<li>Dauerhafte Verbesserung der Wasserqualit\u00e4t, um auch der Eutrophierung entgegenzu\u00adwirken,<\/li>\n<li>R\u00fcckzugsraum bzw. Habitat f\u00fcr Amphibien und Ringelnatter, Libellen und V\u00f6gel,<\/li>\n<li>Vermeidung von Stromkosten durch Installation einer Solarwasserpumpe,<\/li>\n<li>Erh\u00f6hung der Wirksamkeit der Anlage durch Balkenf\u00fchrung im Oberfl\u00e4chenprofil,<\/li>\n<li>Optimierung der Ausnutzung durch die Kombination von vertikalem und horizontalem Wirkprinzip.<\/li>\n<\/ul>\n<p>In den Gespr\u00e4chen mit den Beh\u00f6rdenvertretern kann dieses Dokument verwendet werden. Evtl. k\u00f6nnen wir eine Unterst\u00fctzung bei der Gestaltung, beim Bau und bei den Kosten er\u00adreichen.<\/p>\n","protected":false},"excerpt":{"rendered":"<p>Gestaltung einer Pflanzenbucht am Vereinsgew\u00e4sser Sandloch von Karl-Heinz Strupp: Um am Gew\u00e4sser Sandloch einen dauerhaften Pflanzenbereich zu schaffen, k\u00f6nnte die kleinere der beiden Buchten nach dem Prinzip einer Pflanzenkl\u00e4ranlage umge\u00adstaltet werden. In dieser Bucht k\u00f6nnte die Pflanzenkl\u00e4ranlage entstehen: Pflanzenkl\u00e4ranlagen werden \u00fcblicherweise zur Abwasserreinigung bei Anwesen eingesetzt, die nicht an \u00f6ffentliche Kl\u00e4ranlagen angeschlossen werden k\u00f6nnen. Dabei [&hellip;]<\/p>\n","protected":false},"author":3,"featured_media":0,"parent":67,"menu_order":0,"comment_status":"closed","ping_status":"closed","template":"","meta":{"footnotes":""},"class_list":["post-70","page","type-page","status-publish","hentry"],"_links":{"self":[{"href":"https:\/\/www.asv-oppenheim.de\/index.php\/wp-json\/wp\/v2\/pages\/70","targetHints":{"allow":["GET"]}}],"collection":[{"href":"https:\/\/www.asv-oppenheim.de\/index.php\/wp-json\/wp\/v2\/pages"}],"about":[{"href":"https:\/\/www.asv-oppenheim.de\/index.php\/wp-json\/wp\/v2\/types\/page"}],"author":[{"embeddable":true,"href":"https:\/\/www.asv-oppenheim.de\/index.php\/wp-json\/wp\/v2\/users\/3"}],"replies":[{"embeddable":true,"href":"https:\/\/www.asv-oppenheim.de\/index.php\/wp-json\/wp\/v2\/comments?post=70"}],"version-history":[{"count":9,"href":"https:\/\/www.asv-oppenheim.de\/index.php\/wp-json\/wp\/v2\/pages\/70\/revisions"}],"predecessor-version":[{"id":516,"href":"https:\/\/www.asv-oppenheim.de\/index.php\/wp-json\/wp\/v2\/pages\/70\/revisions\/516"}],"up":[{"embeddable":true,"href":"https:\/\/www.asv-oppenheim.de\/index.php\/wp-json\/wp\/v2\/pages\/67"}],"wp:attachment":[{"href":"https:\/\/www.asv-oppenheim.de\/index.php\/wp-json\/wp\/v2\/media?parent=70"}],"curies":[{"name":"wp","href":"https:\/\/api.w.org\/{rel}","templated":true}]}}