{"id":73,"date":"2017-08-12T22:55:30","date_gmt":"2017-08-12T20:55:30","guid":{"rendered":"http:\/\/www.asv-oppenheim.de\/?page_id=73"},"modified":"2017-09-01T16:21:39","modified_gmt":"2017-09-01T14:21:39","slug":"kiesgrube","status":"publish","type":"page","link":"https:\/\/www.asv-oppenheim.de\/index.php\/gewaesser\/kiesgrube\/","title":{"rendered":"Kiesgrube"},"content":{"rendered":"<h1>Die \u201eKiesgrube\u201c: Vom Tagebau \u00fcber die fischereiliche Intensivnutzung zum gepflegten Naturgew\u00e4sser.<\/h1>\n<p><img loading=\"lazy\" decoding=\"async\" class=\"size-full wp-image-483 alignright\" src=\"https:\/\/www.asv-oppenheim.de\/wp-content\/uploads\/2017\/09\/Kiesgrube.jpg\" alt=\"\" width=\"340\" height=\"254\" srcset=\"https:\/\/www.asv-oppenheim.de\/wp-content\/uploads\/2017\/09\/Kiesgrube.jpg 340w, https:\/\/www.asv-oppenheim.de\/wp-content\/uploads\/2017\/09\/Kiesgrube-300x224.jpg 300w\" sizes=\"auto, (max-width: 340px) 100vw, 340px\" \/>Nichts erinnert mehr an die einstigen Aktivit\u00e4ten zur Kiesgewinnung, die den Ursprung des parallel zum Rhein lokalisierten Gew\u00e4ssers markierte. Auch die Zeiten der intensiven Befischung liegen weit zur\u00fcck.<\/p>\n<p>Geblieben ist ein sorgsam gepflegtes Naturgew\u00e4sser, auf dem auch die heiklen Reiher- und Kolbenenten, die sonst mit gro\u00dfen Fluchtdistanzen auf kleinste St\u00f6rungen reagieren, einen idealen Rastplatz finden. Die Ausweisung von Schutzzonen, die durch entsprechende Bepflanzung\/ Ufergestaltung unpassierbar sind, sorgt f\u00fcr die r\u00e4umliche Abtrennung der Bereiche, die noch von Anglern frequentiert werden.<\/p>\n<p>Das Brutrevier des Eisvogels, die in Kopfweiden befindlichen Nistgelegenheiten f\u00fcr Graug\u00e4nse und Stockenten sowie das mehrfache Vorkommen der eurasischen Zwergmaus geh\u00f6ren zu den greifbaren Belegen f\u00fcr einen intakten Naturraum.<\/p>\n<h2>Das Naturschutzprojekt Kiesgrube<\/h2>\n<p>Fischereiliche Nutzung und gleichzeitig Schutz der Natur, der Fische, der V\u00f6gel, der Amphibien und der Pflanzen \u2013 <strong>das ist m\u00f6glich<\/strong>.<\/p>\n<p>&#8211; Investitionen des Vereines allein in diese Ma\u00dfnahme ca.\u00a0 \u20ac130.000,00<br \/>\n&#8211; Naturnahe Gestaltung des Uferbereiches<img loading=\"lazy\" decoding=\"async\" class=\"size-full wp-image-481 alignright\" src=\"https:\/\/www.asv-oppenheim.de\/wp-content\/uploads\/2017\/09\/Kiesgrube_Steinhaufen.png\" alt=\"\" width=\"243\" height=\"144\" \/><br \/>\n&#8211; Anpflanzen und Pflegen von Schutzhecken und B\u00e4umen<br \/>\n&#8211; Steinhaufen f\u00fcr Amphibien<br \/>\n&#8211; Totholz f\u00fcr V\u00f6gel und Insekten<br \/>\n&#8211; Ein kompletter Ufer- und Wasserbereich wurde zum streng gesch\u00fctzten Vogelschutzgebiet erkl\u00e4rt. Eine Benjeshecke trennt den sensiblen Bereich vom nahen Spazierweg.<\/p>\n<h1><img loading=\"lazy\" decoding=\"async\" class=\"alignnone size-full wp-image-479\" src=\"https:\/\/www.asv-oppenheim.de\/wp-content\/uploads\/2017\/09\/Kiesgrube_Fischbereich.png\" alt=\"\" width=\"255\" height=\"163\" \/><img loading=\"lazy\" decoding=\"async\" class=\"alignnone size-full wp-image-480\" src=\"https:\/\/www.asv-oppenheim.de\/wp-content\/uploads\/2017\/09\/Kiesgrube_Schutzbereich.png\" alt=\"\" width=\"229\" height=\"186\" \/><\/h1>\n<h2>Naturschutz-Initiative des Angelsportverein Oppenheim und der Stadt Oppenheim &#8211; Die Teichlandschaft im Oppenheimer W\u00e4ldchen.<\/h2>\n<hr \/>\n<h4><strong>Gru\u00dfwort des Stadtb\u00fcrgermeisters Marcus Held zum Gemeinschaftsprojekt.<\/strong><\/h4>\n<p><em>Liebe Oppenheimerinnen,<br \/>\nliebe Oppenheimer,<br \/>\nverehrte Mitglieder des Angelsportvereins,<\/em><\/p>\n<p>mit der Fertigstellung der Sanierungsarbeiten an der &#8222;Kiesgrube&#8220; hat ein Oppenheimer Verein wieder einmal sehr eindrucksvoll unter Beweis gestellt, was zielgerichtete und erfolgreiche, ehrenamtliche Arbeit zu leisten vermag. Von Seiten der Stadt haben wir dieses Herzensanliegen des Angelsportvereins immer gerne unterst\u00fctzt und sehr begr\u00fc\u00dft. <em>Uns, der Stadt als Eigent\u00fcmerin, und nat\u00fcrlich dem ASV selbst, <img loading=\"lazy\" decoding=\"async\" class=\"size-full wp-image-482 alignright\" src=\"https:\/\/www.asv-oppenheim.de\/wp-content\/uploads\/2017\/09\/Kiesgrube-Vogelschutzschild.jpg\" alt=\"\" width=\"354\" height=\"265\" srcset=\"https:\/\/www.asv-oppenheim.de\/wp-content\/uploads\/2017\/09\/Kiesgrube-Vogelschutzschild.jpg 354w, https:\/\/www.asv-oppenheim.de\/wp-content\/uploads\/2017\/09\/Kiesgrube-Vogelschutzschild-300x225.jpg 300w\" sizes=\"auto, (max-width: 354px) 100vw, 354px\" \/>als P\u00e4chter des <\/em><em>Fischgew\u00e4ssers in unmittelbarer Nachbarschaft zum Rhein, lag dabei nicht nur die Sanierung des traditionsreichen Angelgew\u00e4ssers am Herzen. Vielmehr ging es um aktiven Naturschutz durch die Ausweisung eines gro\u00dfen Schutzgebiets f\u00fcr Wasserv\u00f6gel und Fische. Vor allem gef\u00e4hrdete\u00a0 Klei<\/em><em>nfischarten haben in dem gesch\u00fctzten Bereich ein neues Zuhause gefunden. Ziel war es, aus der total verschlammten Kiesgrube neuen\u00a0 Lebensraum f\u00fcr Fische, V\u00f6gel und Pflanzen zu schaffen. Die umfangreichen Arbeiten an der &#8222;Revitalisierung&#8220; der Kiesgrube begannen bereits im Herbst 2003 mit dem Gew\u00e4sser und dem Uferbereich. Im Jahr 2007 wurden die Ma\u00dfnahmen mit der Errichtung einer Wiese f\u00fcr Bodenbr\u00fcter f\u00fcr typische und seltene Vogelarten des Auenwaldes und mit der Ausweisung zum Vogelschutzgebiet abgeschlossen. In diesem Zusammenhang m\u00f6chte ich dem ASV ganz herzlich f\u00fcr die unz\u00e4hligen Stunden ehrenamtlichen Engagements danken. Gerne haben wir, von Seiten der Stadt, mit dem Forstamt den Pappelschlag und die Neuanpflanzungen mit den standortgerechten Geh\u00f6lzen im Uferbereich des Schutzgebietes organisiert. Danken m\u00f6chte ich in diesem Zusammenhang dem B\u00fcrgerbeauftragten der Stadt, Frieder Reichert, der durch seine langj\u00e4hrige T\u00e4tigkeit als Umweltbeigeordneter, mit ungeheurem Wissen und Erfahrungen zum Gelingen beitragen konnte. Unser aller Dank geht an alle Helfer und Beh\u00f6rden, die zum reibungslosen und erfolgreichen Abschluss der Arbeiten beigetragen haben.<\/em><\/p>\n<p>Herzlichst <em><br \/>\nIhr<br \/>\nMarcus Held<br \/>\nStadtb\u00fcrgermeister<\/em><\/p>\n","protected":false},"excerpt":{"rendered":"<p>Die \u201eKiesgrube\u201c: Vom Tagebau \u00fcber die fischereiliche Intensivnutzung zum gepflegten Naturgew\u00e4sser. Nichts erinnert mehr an die einstigen Aktivit\u00e4ten zur Kiesgewinnung, die den Ursprung des parallel zum Rhein lokalisierten Gew\u00e4ssers markierte. Auch die Zeiten der intensiven Befischung liegen weit zur\u00fcck. Geblieben ist ein sorgsam gepflegtes Naturgew\u00e4sser, auf dem auch die heiklen Reiher- und Kolbenenten, die sonst [&hellip;]<\/p>\n","protected":false},"author":3,"featured_media":0,"parent":67,"menu_order":0,"comment_status":"closed","ping_status":"closed","template":"","meta":{"footnotes":""},"class_list":["post-73","page","type-page","status-publish","hentry"],"_links":{"self":[{"href":"https:\/\/www.asv-oppenheim.de\/index.php\/wp-json\/wp\/v2\/pages\/73","targetHints":{"allow":["GET"]}}],"collection":[{"href":"https:\/\/www.asv-oppenheim.de\/index.php\/wp-json\/wp\/v2\/pages"}],"about":[{"href":"https:\/\/www.asv-oppenheim.de\/index.php\/wp-json\/wp\/v2\/types\/page"}],"author":[{"embeddable":true,"href":"https:\/\/www.asv-oppenheim.de\/index.php\/wp-json\/wp\/v2\/users\/3"}],"replies":[{"embeddable":true,"href":"https:\/\/www.asv-oppenheim.de\/index.php\/wp-json\/wp\/v2\/comments?post=73"}],"version-history":[{"count":6,"href":"https:\/\/www.asv-oppenheim.de\/index.php\/wp-json\/wp\/v2\/pages\/73\/revisions"}],"predecessor-version":[{"id":493,"href":"https:\/\/www.asv-oppenheim.de\/index.php\/wp-json\/wp\/v2\/pages\/73\/revisions\/493"}],"up":[{"embeddable":true,"href":"https:\/\/www.asv-oppenheim.de\/index.php\/wp-json\/wp\/v2\/pages\/67"}],"wp:attachment":[{"href":"https:\/\/www.asv-oppenheim.de\/index.php\/wp-json\/wp\/v2\/media?parent=73"}],"curies":[{"name":"wp","href":"https:\/\/api.w.org\/{rel}","templated":true}]}}