{"id":89,"date":"2017-08-12T23:20:42","date_gmt":"2017-08-12T21:20:42","guid":{"rendered":"http:\/\/www.asv-oppenheim.de\/?page_id=89"},"modified":"2018-05-22T20:24:47","modified_gmt":"2018-05-22T18:24:47","slug":"newsletter","status":"publish","type":"page","link":"https:\/\/www.asv-oppenheim.de\/index.php\/newsletter\/","title":{"rendered":"Newsletter"},"content":{"rendered":"<p>Der ASV Oppenheim bietet den Service an, dass die Mitglieder in unregelm\u00e4\u00dfigen Abst\u00e4nden per E-Mail informiert werden.<\/p>\n<p>Beim Anbieter CleverReach k\u00f6nnen sich Interessenten f\u00fcr den ASV Newsletter anmelden.<\/p>\n<p>Mit den folgenden Links verlassen Sie die Internetseite des Angelsportverein Oppenheim und k\u00f6nnen sich beim oben genannten Anbieter f\u00fcr den entsprechdenen Newsletter registrieren.<\/p>\n<p><strong>Newsletter f\u00fcr Mitglieder:<\/strong><\/p>\n<p>Der Newsletter ist f\u00fcr Mitglieder die gerne relevante Informationen zu Veranstaltungen wie beispielsweise Arbeitsdiensten, Fischessen oder aktuelle Nachrichten erhalten m\u00f6chten.<\/p>\n<p><strong><a href=\"https:\/\/seu.cleverreach.com\/f\/33977-130242\/\" target=\"_blank\" rel=\"noopener\">Anmeldung Mitglieder-Newsletter<br \/>\n<\/a><\/strong><\/p>\n<hr \/>\n<p>Wenn ihnen der Newsletter nicht gef\u00e4llt k\u00f6nnen sie sich davon nat\u00fcrlich auch wieder abmelden.<strong><br \/>\n<\/strong><\/p>\n<p><strong><a href=\"https:\/\/seu.cleverreach.com\/f\/33977-130242\/wwu\/\">Abmelden<\/a><\/strong><\/p>\n","protected":false},"excerpt":{"rendered":"<p>Der ASV Oppenheim bietet den Service an, dass die Mitglieder in unregelm\u00e4\u00dfigen Abst\u00e4nden per E-Mail informiert werden. Beim Anbieter CleverReach k\u00f6nnen sich Interessenten f\u00fcr den ASV Newsletter anmelden. Mit den folgenden Links verlassen Sie die Internetseite des Angelsportverein Oppenheim und k\u00f6nnen sich beim oben genannten Anbieter f\u00fcr den entsprechdenen Newsletter registrieren. Newsletter f\u00fcr Mitglieder: Der [&hellip;]<\/p>\n","protected":false},"author":3,"featured_media":0,"parent":0,"menu_order":0,"comment_status":"closed","ping_status":"closed","template":"page-fullwidth.php","meta":{"footnotes":""},"class_list":["post-89","page","type-page","status-publish","hentry"],"_links":{"self":[{"href":"https:\/\/www.asv-oppenheim.de\/index.php\/wp-json\/wp\/v2\/pages\/89","targetHints":{"allow":["GET"]}}],"collection":[{"href":"https:\/\/www.asv-oppenheim.de\/index.php\/wp-json\/wp\/v2\/pages"}],"about":[{"href":"https:\/\/www.asv-oppenheim.de\/index.php\/wp-json\/wp\/v2\/types\/page"}],"author":[{"embeddable":true,"href":"https:\/\/www.asv-oppenheim.de\/index.php\/wp-json\/wp\/v2\/users\/3"}],"replies":[{"embeddable":true,"href":"https:\/\/www.asv-oppenheim.de\/index.php\/wp-json\/wp\/v2\/comments?post=89"}],"version-history":[{"count":4,"href":"https:\/\/www.asv-oppenheim.de\/index.php\/wp-json\/wp\/v2\/pages\/89\/revisions"}],"predecessor-version":[{"id":739,"href":"https:\/\/www.asv-oppenheim.de\/index.php\/wp-json\/wp\/v2\/pages\/89\/revisions\/739"}],"wp:attachment":[{"href":"https:\/\/www.asv-oppenheim.de\/index.php\/wp-json\/wp\/v2\/media?parent=89"}],"curies":[{"name":"wp","href":"https:\/\/api.w.org\/{rel}","templated":true}]}}